{"id":87328,"date":"2025-10-20T22:13:55","date_gmt":"2025-10-20T22:13:55","guid":{"rendered":"https:\/\/tec101.com\/site\/?page_id=87328"},"modified":"2026-05-05T18:19:47","modified_gmt":"2026-05-05T18:19:47","slug":"aplicaciones-moviles","status":"publish","type":"page","link":"https:\/\/tec101.com\/site\/index.php\/es\/nuestros-servicios\/aplicaciones-moviles\/","title":{"rendered":"Aplicaciones M\u00f3viles"},"content":{"rendered":"<h3>Aplicaciones M\u00f3viles<br \/>\n<\/h3>\n<p>En <strong data-start=\"124\" data-end=\"137\">TEC101<\/strong>, contamos con un equipo din\u00e1mico de profesionales con amplia experiencia, especializados en el desarrollo de aplicaciones m\u00f3viles para plataformas <strong data-start=\"285\" data-end=\"296\">Android<\/strong> e <strong data-start=\"299\" data-end=\"306\">iOS<\/strong>.<br data-start=\"307\" data-end=\"310\" \/>Nuestro equipo multidisciplinario incluye analistas y arquitectos de software expertos, administradores de bases de datos altamente capacitados, programadores talentosos, dise\u00f1adores gr\u00e1ficos creativos y un minucioso equipo de control de calidad.<br data-start=\"556\" data-end=\"559\" \/>Juntos, aportamos una gran experiencia y conocimiento para garantizar el dise\u00f1o, desarrollo e implementaci\u00f3n impecable de aplicaciones m\u00f3viles de \u00faltima generaci\u00f3n, adaptadas a las exigencias del mundo tecnol\u00f3gico actual.<\/p>\n<p>                                                <img decoding=\"async\" src=\"https:\/\/tec101.com\/site\/wp-content\/uploads\/2023\/09\/mobile-aplicacions-tec101.webp\" alt=\"image\"\/><\/p>\n<h3>Servicios Ofrecidos<\/h3>\n<ul>\n<li>\n                                    Consultor\u00eda y Estrategia\n                            <\/li>\n<li>\n                                    Servicios de Dise\u00f1o\n                            <\/li>\n<li>\n                                    Servicios de Desarrollo\n                            <\/li>\n<li>\n                                    Pruebas y Control de Calidad\n                            <\/li>\n<\/ul>\n<ul>\n<li>\n                                    Implementaci\u00f3n y Publicaci\u00f3n en Tiendas de Aplicaciones\n                            <\/li>\n<li>\n                                    Servicios Post-Lanzamiento\n                            <\/li>\n<li>\n                                    Marketing y Promoci\u00f3n\n                            <\/li>\n<li>\n                                    Soporte y Optimizaci\u00f3n\n                            <\/li>\n<\/ul>\n<p>                                                <img decoding=\"async\" src=\"https:\/\/demo.rstheme.com\/wordpress\/bizdesk\/wp-content\/uploads\/2023\/07\/service-single-meeting.png\" alt=\"image\"\/><\/p>\n<h3>El proceso<\/h3>\n<p>                                                                            <svg xmlns=\"http:\/\/www.w3.org\/2000\/svg\" width=\"14\" height=\"9\" viewBox=\"0 0 14 9\" fill=\"none\"><path d=\"M6.99998 5.4444L12.4445 0L14 1.55555L6.99998 8.55558L0 1.55555L1.55556 0L6.99998 5.4444Z\" fill=\"#4A4B5C\"><\/path><\/svg><br \/>\n                                        <svg xmlns=\"http:\/\/www.w3.org\/2000\/svg\" width=\"14\" height=\"9\" viewBox=\"0 0 14 9\" fill=\"none\"><path d=\"M6.99998 3.5556L12.4445 9L14 7.44445L6.99998 0.44442L0 7.44445L1.55556 9L6.99998 3.5556Z\" fill=\"#061430\"><\/path><\/svg><br \/>\n                                                        01. Idea y Conceptualizaci\u00f3n<\/p>\n<ul>\n<li><strong data-start=\"130\" data-end=\"152\">Definir Objetivos:<\/strong> establece claramente el prop\u00f3sito y las metas de la aplicaci\u00f3n.<\/li>\n<li><strong data-start=\"219\" data-end=\"248\">Investigaci\u00f3n de Mercado:<\/strong> realiza un estudio para comprender al p\u00fablico objetivo, la competencia y las tendencias del mercado.<\/li>\n<li><strong data-start=\"352\" data-end=\"393\" data-is-only-node=\"\">Conceptualizaci\u00f3n de Funcionalidades:<\/strong> define las caracter\u00edsticas y funciones principales que tendr\u00e1 la aplicaci\u00f3n.<\/li>\n<\/ul>\n<p>                                                                            <svg xmlns=\"http:\/\/www.w3.org\/2000\/svg\" width=\"14\" height=\"9\" viewBox=\"0 0 14 9\" fill=\"none\"><path d=\"M6.99998 5.4444L12.4445 0L14 1.55555L6.99998 8.55558L0 1.55555L1.55556 0L6.99998 5.4444Z\" fill=\"#4A4B5C\"><\/path><\/svg><br \/>\n                                        <svg xmlns=\"http:\/\/www.w3.org\/2000\/svg\" width=\"14\" height=\"9\" viewBox=\"0 0 14 9\" fill=\"none\"><path d=\"M6.99998 3.5556L12.4445 9L14 7.44445L6.99998 0.44442L0 7.44445L1.55556 9L6.99998 3.5556Z\" fill=\"#061430\"><\/path><\/svg><br \/>\n                                                        02. Planificaci\u00f3n y Estrategia<\/p>\n<ul>\n<li><strong data-start=\"158\" data-end=\"186\">Selecci\u00f3n de Plataforma:<\/strong> determina si la aplicaci\u00f3n se desarrollar\u00e1 para iOS, Android o ambas (plataforma cruzada).<\/li>\n<li><strong data-start=\"280\" data-end=\"301\">Tecnolog\u00eda:<\/strong> elige los lenguajes de programaci\u00f3n, frameworks y herramientas que se utilizar\u00e1n en el desarrollo.<\/li>\n<li><strong data-start=\"403\" data-end=\"429\">Enfoque de Desarrollo:<\/strong> define si el proyecto se realizar\u00e1 de forma nativa, h\u00edbrida o multiplataforma.<\/li>\n<li><strong data-start=\"511\" data-end=\"546\">Creaci\u00f3n del Plan del Proyecto:<\/strong> establece el cronograma de desarrollo, los hitos y los recursos necesarios.<\/li>\n<\/ul>\n<p>                                                                            <svg xmlns=\"http:\/\/www.w3.org\/2000\/svg\" width=\"14\" height=\"9\" viewBox=\"0 0 14 9\" fill=\"none\"><path d=\"M6.99998 5.4444L12.4445 0L14 1.55555L6.99998 8.55558L0 1.55555L1.55556 0L6.99998 5.4444Z\" fill=\"#4A4B5C\"><\/path><\/svg><br \/>\n                                        <svg xmlns=\"http:\/\/www.w3.org\/2000\/svg\" width=\"14\" height=\"9\" viewBox=\"0 0 14 9\" fill=\"none\"><path d=\"M6.99998 3.5556L12.4445 9L14 7.44445L6.99998 0.44442L0 7.44445L1.55556 9L6.99998 3.5556Z\" fill=\"#061430\"><\/path><\/svg><br \/>\n                                                        03. Dise\u00f1o<\/p>\n<ul>\n<li><strong data-start=\"111\" data-end=\"128\">Dise\u00f1o UI\/UX:<\/strong> crea los wireframes y dise\u00f1a la interfaz y la experiencia del usuario.<\/li>\n<li><strong data-start=\"202\" data-end=\"218\">Prototipo:<\/strong> desarrolla prototipos interactivos para realizar pruebas con usuarios y recopilar retroalimentaci\u00f3n.<\/li>\n<li><strong data-start=\"322\" data-end=\"341\" data-is-only-node=\"\">Dise\u00f1o Gr\u00e1fico:<\/strong> dise\u00f1a los elementos visuales, incluyendo \u00edconos, logotipos y dem\u00e1s recursos gr\u00e1ficos.<\/li>\n<\/ul>\n<p>                                                                            <svg xmlns=\"http:\/\/www.w3.org\/2000\/svg\" width=\"14\" height=\"9\" viewBox=\"0 0 14 9\" fill=\"none\"><path d=\"M6.99998 5.4444L12.4445 0L14 1.55555L6.99998 8.55558L0 1.55555L1.55556 0L6.99998 5.4444Z\" fill=\"#4A4B5C\"><\/path><\/svg><br \/>\n                                        <svg xmlns=\"http:\/\/www.w3.org\/2000\/svg\" width=\"14\" height=\"9\" viewBox=\"0 0 14 9\" fill=\"none\"><path d=\"M6.99998 3.5556L12.4445 9L14 7.44445L6.99998 0.44442L0 7.44445L1.55556 9L6.99998 3.5556Z\" fill=\"#061430\"><\/path><\/svg><br \/>\n                                                        04. Desarrollo<\/p>\n<ul>\n<li><strong data-start=\"89\" data-end=\"114\">Desarrollo Front-End:<\/strong> construye la interfaz de usuario e implementa las interacciones del usuario.<\/li>\n<li><strong data-start=\"194\" data-end=\"218\">Desarrollo Back-End:<\/strong> desarrolla la l\u00f3gica del servidor, las bases de datos y las API necesarias para respaldar la funcionalidad de la aplicaci\u00f3n.<\/li>\n<li><strong data-start=\"346\" data-end=\"362\" data-is-only-node=\"\">Integraci\u00f3n:<\/strong> integra API y servicios de terceros cuando sea necesario.<\/li>\n<\/ul>\n<p>                                                                            <svg xmlns=\"http:\/\/www.w3.org\/2000\/svg\" width=\"14\" height=\"9\" viewBox=\"0 0 14 9\" fill=\"none\"><path d=\"M6.99998 5.4444L12.4445 0L14 1.55555L6.99998 8.55558L0 1.55555L1.55556 0L6.99998 5.4444Z\" fill=\"#4A4B5C\"><\/path><\/svg><br \/>\n                                        <svg xmlns=\"http:\/\/www.w3.org\/2000\/svg\" width=\"14\" height=\"9\" viewBox=\"0 0 14 9\" fill=\"none\"><path d=\"M6.99998 3.5556L12.4445 9L14 7.44445L6.99998 0.44442L0 7.44445L1.55556 9L6.99998 3.5556Z\" fill=\"#061430\"><\/path><\/svg><br \/>\n                                                        05. Control de Calidad<\/p>\n<ul>\n<li><strong data-start=\"84\" data-end=\"108\">Pruebas Funcionales:<\/strong> aseg\u00farate de que cada funci\u00f3n de la aplicaci\u00f3n opere seg\u00fan lo previsto.<\/li>\n<li><strong data-start=\"183\" data-end=\"210\">Pruebas de Rendimiento:<\/strong> eval\u00faa la capacidad de respuesta, la velocidad y el desempe\u00f1o general del sistema.<\/li>\n<li><strong data-start=\"296\" data-end=\"321\" data-is-only-node=\"\">Pruebas de Seguridad:<\/strong> identifica y corrige posibles vulnerabilidades.<\/li>\n<li><strong data-start=\"372\" data-end=\"416\">Pruebas de Aceptaci\u00f3n del Usuario (UAT):<\/strong> valida la aplicaci\u00f3n en funci\u00f3n de las expectativas y necesidades del usuario final.<\/li>\n<\/ul>\n<p>                                                                            <svg xmlns=\"http:\/\/www.w3.org\/2000\/svg\" width=\"14\" height=\"9\" viewBox=\"0 0 14 9\" fill=\"none\"><path d=\"M6.99998 5.4444L12.4445 0L14 1.55555L6.99998 8.55558L0 1.55555L1.55556 0L6.99998 5.4444Z\" fill=\"#4A4B5C\"><\/path><\/svg><br \/>\n                                        <svg xmlns=\"http:\/\/www.w3.org\/2000\/svg\" width=\"14\" height=\"9\" viewBox=\"0 0 14 9\" fill=\"none\"><path d=\"M6.99998 3.5556L12.4445 9L14 7.44445L6.99998 0.44442L0 7.44445L1.55556 9L6.99998 3.5556Z\" fill=\"#061430\"><\/path><\/svg><br \/>\n                                                        06. Implementaci\u00f3n<\/p>\n<ul>\n<li><strong data-start=\"146\" data-end=\"182\">Planificaci\u00f3n de Implementaci\u00f3n:<\/strong> desarrolla una estrategia para el despliegue de la aplicaci\u00f3n.<br data-start=\"245\" data-end=\"248\" \/><strong data-start=\"248\" data-end=\"291\">Publicaci\u00f3n en Tiendas de Aplicaciones:<\/strong> prepara y env\u00eda la app a las tiendas correspondientes (App Store de Apple, Google Play Store, etc.).<br data-start=\"392\" data-end=\"395\" \/><strong data-start=\"395\" data-end=\"445\">Optimizaci\u00f3n en Tiendas de Aplicaciones (ASO):<\/strong> mejora la visibilidad y el posicionamiento de la aplicaci\u00f3n dentro de las tiendas.<\/li>\n<\/ul>\n<p>                                                                            <svg xmlns=\"http:\/\/www.w3.org\/2000\/svg\" width=\"14\" height=\"9\" viewBox=\"0 0 14 9\" fill=\"none\"><path d=\"M6.99998 5.4444L12.4445 0L14 1.55555L6.99998 8.55558L0 1.55555L1.55556 0L6.99998 5.4444Z\" fill=\"#4A4B5C\"><\/path><\/svg><br \/>\n                                        <svg xmlns=\"http:\/\/www.w3.org\/2000\/svg\" width=\"14\" height=\"9\" viewBox=\"0 0 14 9\" fill=\"none\"><path d=\"M6.99998 3.5556L12.4445 9L14 7.44445L6.99998 0.44442L0 7.44445L1.55556 9L6.99998 3.5556Z\" fill=\"#061430\"><\/path><\/svg><br \/>\n                                                        07. Post-Lanzamiento y Mantenimiento<\/p>\n<ul>\n<li><strong data-start=\"161\" data-end=\"186\">Monitoreo y An\u00e1lisis:<\/strong> implementa herramientas para rastrear el rendimiento de la aplicaci\u00f3n, el comportamiento de los usuarios y su nivel de interacci\u00f3n.<\/li>\n<li><strong data-start=\"321\" data-end=\"365\">Correcci\u00f3n de Errores y Actualizaciones:<\/strong> soluciona posibles incidencias, publica actualizaciones y agrega nuevas funcionalidades.<\/li>\n<li><strong data-start=\"457\" data-end=\"480\">Soporte al Usuario:<\/strong> ofrece asistencia continua para responder consultas y resolver inconvenientes.<\/li>\n<\/ul>\n<p>                                                                            <svg xmlns=\"http:\/\/www.w3.org\/2000\/svg\" width=\"14\" height=\"9\" viewBox=\"0 0 14 9\" fill=\"none\"><path d=\"M6.99998 5.4444L12.4445 0L14 1.55555L6.99998 8.55558L0 1.55555L1.55556 0L6.99998 5.4444Z\" fill=\"#4A4B5C\"><\/path><\/svg><br \/>\n                                        <svg xmlns=\"http:\/\/www.w3.org\/2000\/svg\" width=\"14\" height=\"9\" viewBox=\"0 0 14 9\" fill=\"none\"><path d=\"M6.99998 3.5556L12.4445 9L14 7.44445L6.99998 0.44442L0 7.44445L1.55556 9L6.99998 3.5556Z\" fill=\"#061430\"><\/path><\/svg><br \/>\n                                                        08. Marcadeo y Promoci\u00f3n<\/p>\n<ul>\n<li><strong data-start=\"72\" data-end=\"112\">Estrategia de Marketing para la App:<\/strong> desarrolla e implementa un plan integral para promocionar la aplicaci\u00f3n.<\/li>\n<li><strong data-start=\"188\" data-end=\"219\">Campa\u00f1as en Redes Sociales:<\/strong> aprovecha el poder de las plataformas sociales para impulsar la visibilidad y el alcance.<\/li>\n<li><strong data-start=\"312\" data-end=\"355\" data-is-only-node=\"\">Estrategias de Adquisici\u00f3n de Usuarios:<\/strong> atrae y fideliza usuarios mediante distintos canales y t\u00e1cticas efectivas.<\/li>\n<\/ul>\n<p>                                                                            <svg xmlns=\"http:\/\/www.w3.org\/2000\/svg\" width=\"14\" height=\"9\" viewBox=\"0 0 14 9\" fill=\"none\"><path d=\"M6.99998 5.4444L12.4445 0L14 1.55555L6.99998 8.55558L0 1.55555L1.55556 0L6.99998 5.4444Z\" fill=\"#4A4B5C\"><\/path><\/svg><br \/>\n                                        <svg xmlns=\"http:\/\/www.w3.org\/2000\/svg\" width=\"14\" height=\"9\" viewBox=\"0 0 14 9\" fill=\"none\"><path d=\"M6.99998 3.5556L12.4445 9L14 7.44445L6.99998 0.44442L0 7.44445L1.55556 9L6.99998 3.5556Z\" fill=\"#061430\"><\/path><\/svg><br \/>\n                                                        09. Optimizaci\u00f3n e Iteraci\u00f3n<\/p>\n<ul>\n<li><strong data-start=\"119\" data-end=\"152\">Optimizaci\u00f3n del Rendimiento:<\/strong> analiza y mejora continuamente el desempe\u00f1o de la aplicaci\u00f3n.<\/li>\n<li><strong data-start=\"217\" data-end=\"251\">Retroalimentaci\u00f3n de Usuarios:<\/strong> recopila y eval\u00faa las opiniones de los usuarios para implementar mejoras continuas.<\/li>\n<li><strong data-start=\"338\" data-end=\"372\">Ampliaci\u00f3n de Funcionalidades:<\/strong> incorpora nuevas caracter\u00edsticas seg\u00fan las necesidades y tendencias del mercado.<\/li>\n<\/ul>\n<h4>Our Services<\/h4>\n<style>\n\t\t\t\t\t\t\t<\/style>\n<nav data-toggle-icon=\"\" data-close-icon=\"\" data-full-width=\"\">\n<ul id=\"menu-1-226d73d6\">\n<li id=\"menu-item-86204\"><a href=\"https:\/\/tec101.com\/site\/index.php\/services\/mobile-apps\/\" class = \"hfe-menu-item\">Mobile Apps<\/a><\/li>\n<li id=\"menu-item-86406\"><a href=\"https:\/\/tec101.com\/site\/index.php\/services\/web-hosting\/\" class = \"hfe-menu-item\">Web Hosting<\/a><\/li>\n<li id=\"menu-item-86205\"><a href=\"https:\/\/tec101.com\/site\/index.php\/services\/virtual-educational-platforms\/\" class = \"hfe-menu-item\">e-Learning Platforms<\/a><\/li>\n<li id=\"menu-item-86206\"><a href=\"https:\/\/tec101.com\/site\/index.php\/services\/amazon-web-services\/\" class = \"hfe-menu-item\">Amazon web services<\/a><\/li>\n<li id=\"menu-item-86207\"><a href=\"https:\/\/tec101.com\/site\/index.php\/services\/custom-software\/\" class = \"hfe-menu-item\">Custom Software Development<\/a><\/li>\n<li id=\"menu-item-86208\"><a href=\"https:\/\/tec101.com\/site\/index.php\/services\/business-management-software\/\" class = \"hfe-menu-item\">Business Management Software<\/a><\/li>\n<li id=\"menu-item-86416\"><a href=\"https:\/\/tec101.com\/site\/index.php\/services\/your-business-online\/\" class = \"hfe-menu-item\">Your Business Online<\/a><\/li>\n<\/ul>\n<\/nav>\n<h3>Let\u2019s Talk<\/h3>\n<p>            \t\t            \t\tCall for anytime if<br \/> emergency<br \/>\n\t\t\t\t\t\t\t\t<a href=\"https:\/\/tec101.com\/site\/index.php\/contact\/\" ><br \/>\n\t\t\t\t\t\tContact Us<br \/>\n\t\t\t\t\t\t\t\t\t\t\t\t\t\t\t\t\t\t<svg xmlns=\"http:\/\/www.w3.org\/2000\/svg\" width=\"14\" height=\"14\" viewBox=\"0 0 14 14\" fill=\"none\"><path d=\"M6.99967 7.83325H0.333008V6.16659H6.99967V0.333252L13.6663 6.99992L6.99967 13.6666V7.83325Z\" fill=\"#061430\"><\/path><\/svg>\t\t\t\t\t\t\t\t\t\t\t\t\t\t\t\t\t\t\t\t\t\t\t\t\t<\/a><\/p>\n","protected":false},"excerpt":{"rendered":"<p>Aplicaciones M\u00f3viles En TEC101, contamos con un equipo din\u00e1mico de profesionales con amplia experiencia, especializados en el desarrollo de aplicaciones m\u00f3viles para plataformas Android e iOS.Nuestro equipo multidisciplinario incluye analistas y arquitectos de software expertos, administradores de bases de datos altamente capacitados, programadores talentosos, dise\u00f1adores gr\u00e1ficos creativos y un minucioso equipo de control de calidad.Juntos,&#8230;<\/p>\n","protected":false},"author":1,"featured_media":0,"parent":87291,"menu_order":0,"comment_status":"closed","ping_status":"closed","template":"elementor_header_footer","meta":{"_seopress_robots_primary_cat":"","_seopress_titles_title":"","_seopress_titles_desc":"","_seopress_robots_index":"","footnotes":""},"class_list":["post-87328","page","type-page","status-publish","hentry"],"_links":{"self":[{"href":"https:\/\/tec101.com\/site\/index.php\/wp-json\/wp\/v2\/pages\/87328","targetHints":{"allow":["GET"]}}],"collection":[{"href":"https:\/\/tec101.com\/site\/index.php\/wp-json\/wp\/v2\/pages"}],"about":[{"href":"https:\/\/tec101.com\/site\/index.php\/wp-json\/wp\/v2\/types\/page"}],"author":[{"embeddable":true,"href":"https:\/\/tec101.com\/site\/index.php\/wp-json\/wp\/v2\/users\/1"}],"replies":[{"embeddable":true,"href":"https:\/\/tec101.com\/site\/index.php\/wp-json\/wp\/v2\/comments?post=87328"}],"version-history":[{"count":7,"href":"https:\/\/tec101.com\/site\/index.php\/wp-json\/wp\/v2\/pages\/87328\/revisions"}],"predecessor-version":[{"id":87378,"href":"https:\/\/tec101.com\/site\/index.php\/wp-json\/wp\/v2\/pages\/87328\/revisions\/87378"}],"up":[{"embeddable":true,"href":"https:\/\/tec101.com\/site\/index.php\/wp-json\/wp\/v2\/pages\/87291"}],"wp:attachment":[{"href":"https:\/\/tec101.com\/site\/index.php\/wp-json\/wp\/v2\/media?parent=87328"}],"curies":[{"name":"wp","href":"https:\/\/api.w.org\/{rel}","templated":true}]}}